{"id":543,"date":"2022-03-14T17:11:19","date_gmt":"2022-03-14T17:11:19","guid":{"rendered":"https:\/\/thelash.mx\/inicio\/?post_type=product&#038;p=543"},"modified":"2022-03-14T17:26:46","modified_gmt":"2022-03-14T17:26:46","slug":"lip-scrub-brush","status":"publish","type":"product","link":"https:\/\/thelash.mx\/inicio\/producto\/lip-scrub-brush\/","title":{"rendered":"LIP SCRUB BRUSH"},"content":{"rendered":"","protected":false},"excerpt":{"rendered":"<p>Nuestro cepillo de labios est\u00e1 hecho de material ABS y silicona flexible. Y es ideal para masajear tus labios y exfoliarlos.<\/p>\n<p>&nbsp;<\/p>\n<ul>\n<li>Dise\u00f1o de doble cara: la exfoliaci\u00f3n permite que tu hidratante de labios se absorba mejor.<\/li>\n<li>Les da a tus labios una apariencia de plenitud cuando utilizas las cerdas redondas para estimular la circulaci\u00f3n sangu\u00ednea masajeando con aceite de labios o b\u00e1lsamos labiales.<\/li>\n<li>Adecuado para todos los tipos de piel, no irrita. No da\u00f1a tu piel.<\/li>\n<li>Este cepillo de labios de limpieza suave es ideal para exfoliar labios y nariz.<\/li>\n<\/ul>\n","protected":false},"featured_media":0,"comment_status":"closed","ping_status":"closed","template":"","meta":[],"product_brand":[],"product_cat":[23],"product_tag":[],"class_list":{"0":"post-543","1":"product","2":"type-product","3":"status-publish","5":"product_cat-producto","6":"entry","8":"first","9":"instock","10":"taxable","11":"shipping-taxable","12":"purchasable","13":"product-type-simple"},"_links":{"self":[{"href":"https:\/\/thelash.mx\/inicio\/wp-json\/wp\/v2\/product\/543","targetHints":{"allow":["GET"]}}],"collection":[{"href":"https:\/\/thelash.mx\/inicio\/wp-json\/wp\/v2\/product"}],"about":[{"href":"https:\/\/thelash.mx\/inicio\/wp-json\/wp\/v2\/types\/product"}],"replies":[{"embeddable":true,"href":"https:\/\/thelash.mx\/inicio\/wp-json\/wp\/v2\/comments?post=543"}],"version-history":[{"count":6,"href":"https:\/\/thelash.mx\/inicio\/wp-json\/wp\/v2\/product\/543\/revisions"}],"predecessor-version":[{"id":569,"href":"https:\/\/thelash.mx\/inicio\/wp-json\/wp\/v2\/product\/543\/revisions\/569"}],"wp:attachment":[{"href":"https:\/\/thelash.mx\/inicio\/wp-json\/wp\/v2\/media?parent=543"}],"wp:term":[{"taxonomy":"product_brand","embeddable":true,"href":"https:\/\/thelash.mx\/inicio\/wp-json\/wp\/v2\/product_brand?post=543"},{"taxonomy":"product_cat","embeddable":true,"href":"https:\/\/thelash.mx\/inicio\/wp-json\/wp\/v2\/product_cat?post=543"},{"taxonomy":"product_tag","embeddable":true,"href":"https:\/\/thelash.mx\/inicio\/wp-json\/wp\/v2\/product_tag?post=543"}],"curies":[{"name":"wp","href":"https:\/\/api.w.org\/{rel}","templated":true}]}}