{"id":549,"date":"2022-03-14T17:14:19","date_gmt":"2022-03-14T17:14:19","guid":{"rendered":"https:\/\/thelash.mx\/inicio\/?post_type=product&#038;p=549"},"modified":"2022-03-28T23:40:52","modified_gmt":"2022-03-28T23:40:52","slug":"face-scrub","status":"publish","type":"product","link":"https:\/\/thelash.mx\/inicio\/producto\/face-scrub\/","title":{"rendered":"FACE SCRUB"},"content":{"rendered":"","protected":false},"excerpt":{"rendered":"<p>Con nuestro Exfoliante Facial mejorar\u00e1s la circulaci\u00f3n de tu rostro, as\u00ed como aumentar la luminosidad en \u00e9l, tambi\u00e9n reducir\u00e1s el tama\u00f1o de los poros y lo mejor: eliminar\u00e1s todas las c\u00e9lulas muertas sin lastimar tu piel!!<\/p>\n","protected":false},"featured_media":626,"comment_status":"closed","ping_status":"closed","template":"","meta":[],"product_brand":[],"product_cat":[16],"product_tag":[],"class_list":{"0":"post-549","1":"product","2":"type-product","3":"status-publish","4":"has-post-thumbnail","6":"product_cat-sin-categorizar","7":"entry","9":"first","10":"instock","11":"taxable","12":"shipping-taxable","13":"purchasable","14":"product-type-simple"},"_links":{"self":[{"href":"https:\/\/thelash.mx\/inicio\/wp-json\/wp\/v2\/product\/549","targetHints":{"allow":["GET"]}}],"collection":[{"href":"https:\/\/thelash.mx\/inicio\/wp-json\/wp\/v2\/product"}],"about":[{"href":"https:\/\/thelash.mx\/inicio\/wp-json\/wp\/v2\/types\/product"}],"replies":[{"embeddable":true,"href":"https:\/\/thelash.mx\/inicio\/wp-json\/wp\/v2\/comments?post=549"}],"version-history":[{"count":1,"href":"https:\/\/thelash.mx\/inicio\/wp-json\/wp\/v2\/product\/549\/revisions"}],"predecessor-version":[{"id":550,"href":"https:\/\/thelash.mx\/inicio\/wp-json\/wp\/v2\/product\/549\/revisions\/550"}],"wp:featuredmedia":[{"embeddable":true,"href":"https:\/\/thelash.mx\/inicio\/wp-json\/wp\/v2\/media\/626"}],"wp:attachment":[{"href":"https:\/\/thelash.mx\/inicio\/wp-json\/wp\/v2\/media?parent=549"}],"wp:term":[{"taxonomy":"product_brand","embeddable":true,"href":"https:\/\/thelash.mx\/inicio\/wp-json\/wp\/v2\/product_brand?post=549"},{"taxonomy":"product_cat","embeddable":true,"href":"https:\/\/thelash.mx\/inicio\/wp-json\/wp\/v2\/product_cat?post=549"},{"taxonomy":"product_tag","embeddable":true,"href":"https:\/\/thelash.mx\/inicio\/wp-json\/wp\/v2\/product_tag?post=549"}],"curies":[{"name":"wp","href":"https:\/\/api.w.org\/{rel}","templated":true}]}}