{"id":551,"date":"2022-03-14T17:15:32","date_gmt":"2022-03-14T17:15:32","guid":{"rendered":"https:\/\/thelash.mx\/inicio\/?post_type=product&#038;p=551"},"modified":"2022-03-28T23:59:08","modified_gmt":"2022-03-28T23:59:08","slug":"golden-brush","status":"publish","type":"product","link":"https:\/\/thelash.mx\/inicio\/producto\/golden-brush\/","title":{"rendered":"GOLDEN BRUSH"},"content":{"rendered":"","protected":false},"excerpt":{"rendered":"<p>Golden brush est\u00e1 dise\u00f1ado especialmente para cuidar nuestro Medio Ambiente, es REUSABLE, as\u00ed que podr\u00e1s utilizarlo cuantas veces quieras y lo mejor: TIENE UNA CUBIERTA PARA QUE LO PUEDAS TRAER EN TU BOLSO SIN ENSUCIARSE NI LLENARSE DE BACTERIAS.<\/p>\n<p>&nbsp;<\/p>\n<p>*Consulta nuestros precios de mayoreo.<\/p>\n","protected":false},"featured_media":628,"comment_status":"closed","ping_status":"closed","template":"","meta":[],"product_brand":[],"product_cat":[16],"product_tag":[],"class_list":{"0":"post-551","1":"product","2":"type-product","3":"status-publish","4":"has-post-thumbnail","6":"product_cat-sin-categorizar","7":"entry","9":"first","10":"instock","11":"taxable","12":"shipping-taxable","13":"purchasable","14":"product-type-simple"},"_links":{"self":[{"href":"https:\/\/thelash.mx\/inicio\/wp-json\/wp\/v2\/product\/551","targetHints":{"allow":["GET"]}}],"collection":[{"href":"https:\/\/thelash.mx\/inicio\/wp-json\/wp\/v2\/product"}],"about":[{"href":"https:\/\/thelash.mx\/inicio\/wp-json\/wp\/v2\/types\/product"}],"replies":[{"embeddable":true,"href":"https:\/\/thelash.mx\/inicio\/wp-json\/wp\/v2\/comments?post=551"}],"version-history":[{"count":5,"href":"https:\/\/thelash.mx\/inicio\/wp-json\/wp\/v2\/product\/551\/revisions"}],"predecessor-version":[{"id":567,"href":"https:\/\/thelash.mx\/inicio\/wp-json\/wp\/v2\/product\/551\/revisions\/567"}],"wp:featuredmedia":[{"embeddable":true,"href":"https:\/\/thelash.mx\/inicio\/wp-json\/wp\/v2\/media\/628"}],"wp:attachment":[{"href":"https:\/\/thelash.mx\/inicio\/wp-json\/wp\/v2\/media?parent=551"}],"wp:term":[{"taxonomy":"product_brand","embeddable":true,"href":"https:\/\/thelash.mx\/inicio\/wp-json\/wp\/v2\/product_brand?post=551"},{"taxonomy":"product_cat","embeddable":true,"href":"https:\/\/thelash.mx\/inicio\/wp-json\/wp\/v2\/product_cat?post=551"},{"taxonomy":"product_tag","embeddable":true,"href":"https:\/\/thelash.mx\/inicio\/wp-json\/wp\/v2\/product_tag?post=551"}],"curies":[{"name":"wp","href":"https:\/\/api.w.org\/{rel}","templated":true}]}}