{"id":553,"date":"2022-03-14T17:16:26","date_gmt":"2022-03-14T17:16:26","guid":{"rendered":"https:\/\/thelash.mx\/inicio\/?post_type=product&#038;p=553"},"modified":"2022-03-29T00:04:27","modified_gmt":"2022-03-29T00:04:27","slug":"hyaluronic-face","status":"publish","type":"product","link":"https:\/\/thelash.mx\/inicio\/producto\/hyaluronic-face\/","title":{"rendered":"HYALURONIC FACE"},"content":{"rendered":"","protected":false},"excerpt":{"rendered":"<p>Es un suero de \u00c1cido Hialur\u00f3nico con m\u00faltiples beneficios para tu rostro.<\/p>\n<p>&nbsp;<\/p>\n<ul>\n<li>Proporciona firmeza, elasticidad, as\u00ed como una hidrataci\u00f3n profunda a la piel.<\/li>\n<li>Ayuda a rellenarla y prevenir las primeras l\u00edneas de expresi\u00f3n, disminuye la apariencia de poros y aporta luminosidad.<\/li>\n<li>Reconstruye los tejidos de tu piel y restaura la barrera protectora adem\u00e1s de favorecer la producci\u00f3n de col\u00e1geno y elastina.<\/li>\n<li>Su textura es AQUA-GEL de acabado suave, ultra ligera, fresca y agradable al aplicar. (30ml.)<\/li>\n<\/ul>\n<p>&nbsp;<\/p>\n<p>*Consulta nuestros precios de mayoreo.<\/p>\n","protected":false},"featured_media":630,"comment_status":"closed","ping_status":"closed","template":"","meta":[],"product_brand":[],"product_cat":[16],"product_tag":[],"class_list":{"0":"post-553","1":"product","2":"type-product","3":"status-publish","4":"has-post-thumbnail","6":"product_cat-sin-categorizar","7":"entry","9":"first","10":"instock","11":"taxable","12":"shipping-taxable","13":"purchasable","14":"product-type-simple"},"_links":{"self":[{"href":"https:\/\/thelash.mx\/inicio\/wp-json\/wp\/v2\/product\/553","targetHints":{"allow":["GET"]}}],"collection":[{"href":"https:\/\/thelash.mx\/inicio\/wp-json\/wp\/v2\/product"}],"about":[{"href":"https:\/\/thelash.mx\/inicio\/wp-json\/wp\/v2\/types\/product"}],"replies":[{"embeddable":true,"href":"https:\/\/thelash.mx\/inicio\/wp-json\/wp\/v2\/comments?post=553"}],"version-history":[{"count":5,"href":"https:\/\/thelash.mx\/inicio\/wp-json\/wp\/v2\/product\/553\/revisions"}],"predecessor-version":[{"id":563,"href":"https:\/\/thelash.mx\/inicio\/wp-json\/wp\/v2\/product\/553\/revisions\/563"}],"wp:featuredmedia":[{"embeddable":true,"href":"https:\/\/thelash.mx\/inicio\/wp-json\/wp\/v2\/media\/630"}],"wp:attachment":[{"href":"https:\/\/thelash.mx\/inicio\/wp-json\/wp\/v2\/media?parent=553"}],"wp:term":[{"taxonomy":"product_brand","embeddable":true,"href":"https:\/\/thelash.mx\/inicio\/wp-json\/wp\/v2\/product_brand?post=553"},{"taxonomy":"product_cat","embeddable":true,"href":"https:\/\/thelash.mx\/inicio\/wp-json\/wp\/v2\/product_cat?post=553"},{"taxonomy":"product_tag","embeddable":true,"href":"https:\/\/thelash.mx\/inicio\/wp-json\/wp\/v2\/product_tag?post=553"}],"curies":[{"name":"wp","href":"https:\/\/api.w.org\/{rel}","templated":true}]}}