{"id":570,"date":"2022-03-14T17:28:45","date_gmt":"2022-03-14T17:28:45","guid":{"rendered":"https:\/\/thelash.mx\/inicio\/?post_type=product&#038;p=570"},"modified":"2022-03-29T00:59:14","modified_gmt":"2022-03-29T00:59:14","slug":"lash-mousse-160ml","status":"publish","type":"product","link":"https:\/\/thelash.mx\/inicio\/producto\/lash-mousse-160ml\/","title":{"rendered":"LASH MOUSSE (160ml)"},"content":{"rendered":"","protected":false},"excerpt":{"rendered":"<p>Es un limpiador para el correcto mantenimiento de las extensiones de pesta\u00f1as, adem\u00e1s es auxiliar para alargar su durabilidad.<\/p>\n<ul>\n<li>Est\u00e1 dise\u00f1ado para prevenir infecciones por acumulaci\u00f3n de polvo, grasa, maquillaje y c\u00e9lulas muertas.<\/li>\n<li>Mantendr\u00e1 tu piel y pesta\u00f1as hidratadas gracias a sus ingredientes naturales derivados del aloe vera y la manzanilla.<\/li>\n<\/ul>\n<p>&nbsp;<\/p>\n<p>Ingredientes: Agua, Glicerina, \u00c1cido Hialur\u00f3nico, Aloe Vera, Manzanilla, Fenoxietanol, LIBRE DE JAB\u00d3N.<\/p>\n<p>&nbsp;<\/p>\n<p>*Consulta nuestros precios de mayoreo.<\/p>\n","protected":false},"featured_media":632,"comment_status":"closed","ping_status":"closed","template":"","meta":[],"product_brand":[],"product_cat":[16],"product_tag":[],"class_list":{"0":"post-570","1":"product","2":"type-product","3":"status-publish","4":"has-post-thumbnail","6":"product_cat-sin-categorizar","7":"entry","9":"first","10":"instock","11":"taxable","12":"shipping-taxable","13":"purchasable","14":"product-type-simple"},"_links":{"self":[{"href":"https:\/\/thelash.mx\/inicio\/wp-json\/wp\/v2\/product\/570","targetHints":{"allow":["GET"]}}],"collection":[{"href":"https:\/\/thelash.mx\/inicio\/wp-json\/wp\/v2\/product"}],"about":[{"href":"https:\/\/thelash.mx\/inicio\/wp-json\/wp\/v2\/types\/product"}],"replies":[{"embeddable":true,"href":"https:\/\/thelash.mx\/inicio\/wp-json\/wp\/v2\/comments?post=570"}],"version-history":[{"count":2,"href":"https:\/\/thelash.mx\/inicio\/wp-json\/wp\/v2\/product\/570\/revisions"}],"predecessor-version":[{"id":572,"href":"https:\/\/thelash.mx\/inicio\/wp-json\/wp\/v2\/product\/570\/revisions\/572"}],"wp:featuredmedia":[{"embeddable":true,"href":"https:\/\/thelash.mx\/inicio\/wp-json\/wp\/v2\/media\/632"}],"wp:attachment":[{"href":"https:\/\/thelash.mx\/inicio\/wp-json\/wp\/v2\/media?parent=570"}],"wp:term":[{"taxonomy":"product_brand","embeddable":true,"href":"https:\/\/thelash.mx\/inicio\/wp-json\/wp\/v2\/product_brand?post=570"},{"taxonomy":"product_cat","embeddable":true,"href":"https:\/\/thelash.mx\/inicio\/wp-json\/wp\/v2\/product_cat?post=570"},{"taxonomy":"product_tag","embeddable":true,"href":"https:\/\/thelash.mx\/inicio\/wp-json\/wp\/v2\/product_tag?post=570"}],"curies":[{"name":"wp","href":"https:\/\/api.w.org\/{rel}","templated":true}]}}