{"id":581,"date":"2022-03-14T17:35:18","date_gmt":"2022-03-14T17:35:18","guid":{"rendered":"https:\/\/thelash.mx\/inicio\/?post_type=product&#038;p=581"},"modified":"2022-03-29T14:57:52","modified_gmt":"2022-03-29T14:57:52","slug":"remover-apply-brush","status":"publish","type":"product","link":"https:\/\/thelash.mx\/inicio\/producto\/remover-apply-brush\/","title":{"rendered":"REMOVER &#038; APPLY BRUSH"},"content":{"rendered":"","protected":false},"excerpt":{"rendered":"<p>Este pincel de microfibras es ideal para remover el maquillaje o delineador de la zona de tus ojos para proteger a tus extensiones, es libre de pelusas, lo cual permitir\u00e1 que las pesta\u00f1as no se da\u00f1en ni se enreden con los molestos restos del algod\u00f3n regular.<\/p>\n<ul>\n<li>Tambi\u00e9n sirve como aplicador para lipstick, sombras o correctores.<\/li>\n<li>Incluye 50 pcs.<\/li>\n<\/ul>\n<p>&nbsp;<\/p>\n<p>*Consulta nuestros precios de mayoreo<\/p>\n","protected":false},"featured_media":643,"comment_status":"closed","ping_status":"closed","template":"","meta":[],"product_brand":[],"product_cat":[16],"product_tag":[],"class_list":{"0":"post-581","1":"product","2":"type-product","3":"status-publish","4":"has-post-thumbnail","6":"product_cat-sin-categorizar","7":"entry","9":"first","10":"instock","11":"taxable","12":"shipping-taxable","13":"purchasable","14":"product-type-simple"},"_links":{"self":[{"href":"https:\/\/thelash.mx\/inicio\/wp-json\/wp\/v2\/product\/581","targetHints":{"allow":["GET"]}}],"collection":[{"href":"https:\/\/thelash.mx\/inicio\/wp-json\/wp\/v2\/product"}],"about":[{"href":"https:\/\/thelash.mx\/inicio\/wp-json\/wp\/v2\/types\/product"}],"replies":[{"embeddable":true,"href":"https:\/\/thelash.mx\/inicio\/wp-json\/wp\/v2\/comments?post=581"}],"version-history":[{"count":2,"href":"https:\/\/thelash.mx\/inicio\/wp-json\/wp\/v2\/product\/581\/revisions"}],"predecessor-version":[{"id":584,"href":"https:\/\/thelash.mx\/inicio\/wp-json\/wp\/v2\/product\/581\/revisions\/584"}],"wp:featuredmedia":[{"embeddable":true,"href":"https:\/\/thelash.mx\/inicio\/wp-json\/wp\/v2\/media\/643"}],"wp:attachment":[{"href":"https:\/\/thelash.mx\/inicio\/wp-json\/wp\/v2\/media?parent=581"}],"wp:term":[{"taxonomy":"product_brand","embeddable":true,"href":"https:\/\/thelash.mx\/inicio\/wp-json\/wp\/v2\/product_brand?post=581"},{"taxonomy":"product_cat","embeddable":true,"href":"https:\/\/thelash.mx\/inicio\/wp-json\/wp\/v2\/product_cat?post=581"},{"taxonomy":"product_tag","embeddable":true,"href":"https:\/\/thelash.mx\/inicio\/wp-json\/wp\/v2\/product_tag?post=581"}],"curies":[{"name":"wp","href":"https:\/\/api.w.org\/{rel}","templated":true}]}}