{"id":591,"date":"2022-03-14T17:40:44","date_gmt":"2022-03-14T17:40:44","guid":{"rendered":"https:\/\/thelash.mx\/inicio\/?post_type=product&#038;p=591"},"modified":"2022-03-29T15:10:39","modified_gmt":"2022-03-29T15:10:39","slug":"wash-brush","status":"publish","type":"product","link":"https:\/\/thelash.mx\/inicio\/producto\/wash-brush\/","title":{"rendered":"WASH BRUSH"},"content":{"rendered":"","protected":false},"excerpt":{"rendered":"<p>Nuestra brocha est\u00e1 hecha especialmente para el lavado diario de tus extensiones, sus fibras limpian profundamente entre tus pesta\u00f1as permiti\u00e9ndoles una larga vida y mayor higiene.<\/p>\n","protected":false},"featured_media":657,"comment_status":"closed","ping_status":"closed","template":"","meta":[],"product_brand":[],"product_cat":[16],"product_tag":[],"class_list":{"0":"post-591","1":"product","2":"type-product","3":"status-publish","4":"has-post-thumbnail","6":"product_cat-sin-categorizar","7":"entry","9":"first","10":"instock","11":"taxable","12":"shipping-taxable","13":"purchasable","14":"product-type-simple"},"_links":{"self":[{"href":"https:\/\/thelash.mx\/inicio\/wp-json\/wp\/v2\/product\/591","targetHints":{"allow":["GET"]}}],"collection":[{"href":"https:\/\/thelash.mx\/inicio\/wp-json\/wp\/v2\/product"}],"about":[{"href":"https:\/\/thelash.mx\/inicio\/wp-json\/wp\/v2\/types\/product"}],"replies":[{"embeddable":true,"href":"https:\/\/thelash.mx\/inicio\/wp-json\/wp\/v2\/comments?post=591"}],"version-history":[{"count":2,"href":"https:\/\/thelash.mx\/inicio\/wp-json\/wp\/v2\/product\/591\/revisions"}],"predecessor-version":[{"id":658,"href":"https:\/\/thelash.mx\/inicio\/wp-json\/wp\/v2\/product\/591\/revisions\/658"}],"wp:featuredmedia":[{"embeddable":true,"href":"https:\/\/thelash.mx\/inicio\/wp-json\/wp\/v2\/media\/657"}],"wp:attachment":[{"href":"https:\/\/thelash.mx\/inicio\/wp-json\/wp\/v2\/media?parent=591"}],"wp:term":[{"taxonomy":"product_brand","embeddable":true,"href":"https:\/\/thelash.mx\/inicio\/wp-json\/wp\/v2\/product_brand?post=591"},{"taxonomy":"product_cat","embeddable":true,"href":"https:\/\/thelash.mx\/inicio\/wp-json\/wp\/v2\/product_cat?post=591"},{"taxonomy":"product_tag","embeddable":true,"href":"https:\/\/thelash.mx\/inicio\/wp-json\/wp\/v2\/product_tag?post=591"}],"curies":[{"name":"wp","href":"https:\/\/api.w.org\/{rel}","templated":true}]}}